{"id":14,"date":"2021-07-18T10:05:49","date_gmt":"2021-07-18T10:05:49","guid":{"rendered":"http:\/\/dibalog-travel.info\/?page_id=14"},"modified":"2025-11-07T08:35:11","modified_gmt":"2025-11-07T08:35:11","slug":"home","status":"publish","type":"page","link":"https:\/\/dibalog-travel.info\/","title":{"rendered":"Herzlich willkommen bei Dibalog Travel"},"content":{"rendered":"<p>&nbsp;<\/p>\n<p><img loading=\"lazy\" decoding=\"async\" class=\"size-full wp-image-109 aligncenter\" src=\"https:\/\/dibalog-travel.info\/wp-content\/uploads\/2021\/07\/Worldpainting-2.jpg\" alt=\"\" width=\"1024\" height=\"146\" srcset=\"https:\/\/dibalog-travel.info\/wp-content\/uploads\/2021\/07\/Worldpainting-2.jpg 1024w, https:\/\/dibalog-travel.info\/wp-content\/uploads\/2021\/07\/Worldpainting-2-300x43.jpg 300w, https:\/\/dibalog-travel.info\/wp-content\/uploads\/2021\/07\/Worldpainting-2-768x110.jpg 768w\" sizes=\"auto, (max-width: 1024px) 100vw, 1024px\" \/><\/p>\n<p>&nbsp;<\/p>\n<p style=\"text-align: center;\"><strong>Herzlich willkommen bei Dibalog Travel<\/strong><\/p>\n<p style=\"text-align: left;\">Ob eine individuelle Bausteinreise, eine Gesch\u00e4ftsreise oder eine Pauschalreise \u2013 mit Dibalog Travel steht Ihnen ein kompetentes Reiseb\u00fcro zur Seite.<br \/>\nBei Flugtickets profitieren Sie von einem breiten Wissen in allen Serviceklassen \u2013 unabh\u00e4ngig davon ob First Class, Business Class oder Economy, durch kreatives Ticketing und Zugriff auf Spezialtarife l\u00e4sst sich gegen\u00fcber der Internet-Buchung in vielen F\u00e4llen noch eine Ersparnis erzielen, der pers\u00f6nliche Service ist dabei immer inklusive.<\/p>\n<p style=\"text-align: left;\">Selbstverst\u00e4ndlich vermittelt Dibalog Travel auch Reisebausteine namhafter Veranstalter wie DerTour, Meiers Weltreisen uvm. Unabh\u00e4ngig ob individuell zusammengestellte Bausteinreise im Nah- und Fernbereich, Cluburlaub oder Pauschalreise. Bei Dibalog Travel sind Sie bestens aufgehoben.<\/p>\n<p>&nbsp;<\/p>\n","protected":false},"excerpt":{"rendered":"<p>&nbsp; &nbsp; Herzlich willkommen bei Dibalog Travel Ob eine individuelle Bausteinreise, eine Gesch\u00e4ftsreise oder eine Pauschalreise \u2013 mit Dibalog Travel steht Ihnen ein kompetentes Reiseb\u00fcro zur Seite. Bei Flugtickets profitieren Sie von einem breiten Wissen in allen Serviceklassen \u2013 unabh\u00e4ngig davon ob First Class, Business Class oder Economy, durch kreatives Ticketing und Zugriff auf Spezialtarife&hellip;&nbsp;<a href=\"https:\/\/dibalog-travel.info\/\" rel=\"bookmark\">Weiterlesen &raquo;<span class=\"screen-reader-text\">Herzlich willkommen bei Dibalog Travel<\/span><\/a><\/p>\n","protected":false},"author":1,"featured_media":0,"parent":0,"menu_order":0,"comment_status":"closed","ping_status":"closed","template":"","meta":{"neve_meta_sidebar":"full-width","neve_meta_container":"","neve_meta_enable_content_width":"on","neve_meta_content_width":100,"neve_meta_title_alignment":"","neve_meta_author_avatar":"","neve_post_elements_order":"","neve_meta_disable_header":"","neve_meta_disable_footer":"","neve_meta_disable_title":"on","footnotes":""},"class_list":["post-14","page","type-page","status-publish","hentry"],"_links":{"self":[{"href":"https:\/\/dibalog-travel.info\/index.php\/wp-json\/wp\/v2\/pages\/14","targetHints":{"allow":["GET"]}}],"collection":[{"href":"https:\/\/dibalog-travel.info\/index.php\/wp-json\/wp\/v2\/pages"}],"about":[{"href":"https:\/\/dibalog-travel.info\/index.php\/wp-json\/wp\/v2\/types\/page"}],"author":[{"embeddable":true,"href":"https:\/\/dibalog-travel.info\/index.php\/wp-json\/wp\/v2\/users\/1"}],"replies":[{"embeddable":true,"href":"https:\/\/dibalog-travel.info\/index.php\/wp-json\/wp\/v2\/comments?post=14"}],"version-history":[{"count":9,"href":"https:\/\/dibalog-travel.info\/index.php\/wp-json\/wp\/v2\/pages\/14\/revisions"}],"predecessor-version":[{"id":327,"href":"https:\/\/dibalog-travel.info\/index.php\/wp-json\/wp\/v2\/pages\/14\/revisions\/327"}],"wp:attachment":[{"href":"https:\/\/dibalog-travel.info\/index.php\/wp-json\/wp\/v2\/media?parent=14"}],"curies":[{"name":"wp","href":"https:\/\/api.w.org\/{rel}","templated":true}]}}