{"id":18,"date":"2021-07-18T10:17:35","date_gmt":"2021-07-18T10:17:35","guid":{"rendered":"http:\/\/dibalog-travel.info\/?page_id=18"},"modified":"2021-07-28T08:48:49","modified_gmt":"2021-07-28T08:48:49","slug":"camper-mietwagen-oder-motorrad","status":"publish","type":"page","link":"https:\/\/dibalog-travel.info\/index.php\/camper-mietwagen-oder-motorrad\/","title":{"rendered":"Camper, Mietwagen oder Motorrad"},"content":{"rendered":"<p>&nbsp;<\/p>\n<p>&nbsp;<\/p>\n<p>&nbsp;<\/p>\n<p><img loading=\"lazy\" decoding=\"async\" class=\"size-full wp-image-102 aligncenter\" src=\"https:\/\/dibalog-travel.info\/wp-content\/uploads\/2021\/07\/Stasse-gerade.jpg\" alt=\"\" width=\"1024\" height=\"146\" srcset=\"https:\/\/dibalog-travel.info\/wp-content\/uploads\/2021\/07\/Stasse-gerade.jpg 1024w, https:\/\/dibalog-travel.info\/wp-content\/uploads\/2021\/07\/Stasse-gerade-300x43.jpg 300w, https:\/\/dibalog-travel.info\/wp-content\/uploads\/2021\/07\/Stasse-gerade-768x110.jpg 768w\" sizes=\"auto, (max-width: 1024px) 100vw, 1024px\" \/><\/p>\n<p>&nbsp;<\/p>\n<p>&nbsp;<\/p>\n<p>&nbsp;<\/p>\n<p style=\"text-align: center;\"><strong>Mobilit\u00e4t vor Ort ist Ihnen wichtig? <\/strong><\/p>\n<p>Wir sorgen daf\u00fcr, ob Camper, Mietwagen oder Motorrad (nicht alle M\u00f6glichkeiten sind an allen Orten verf\u00fcgbar) \u2013 zusammen mit unseren Partnern realisieren wir L\u00f6sungen, nach Ihren W\u00fcnschen!<\/p>\n<p>&nbsp;<\/p>\n<p>&nbsp;<\/p>\n<p>&nbsp;<\/p>\n","protected":false},"excerpt":{"rendered":"<p>&nbsp; &nbsp; &nbsp; &nbsp; &nbsp; &nbsp; Mobilit\u00e4t vor Ort ist Ihnen wichtig? Wir sorgen daf\u00fcr, ob Camper, Mietwagen oder Motorrad (nicht alle M\u00f6glichkeiten sind an allen Orten verf\u00fcgbar) \u2013 zusammen mit unseren Partnern realisieren wir L\u00f6sungen, nach Ihren W\u00fcnschen! &nbsp; &nbsp; &nbsp;<\/p>\n","protected":false},"author":1,"featured_media":0,"parent":0,"menu_order":0,"comment_status":"closed","ping_status":"closed","template":"","meta":{"neve_meta_sidebar":"full-width","neve_meta_container":"","neve_meta_enable_content_width":"on","neve_meta_content_width":100,"neve_meta_title_alignment":"","neve_meta_author_avatar":"","neve_post_elements_order":"","neve_meta_disable_header":"","neve_meta_disable_footer":"","neve_meta_disable_title":"on","footnotes":""},"class_list":["post-18","page","type-page","status-publish","hentry"],"_links":{"self":[{"href":"https:\/\/dibalog-travel.info\/index.php\/wp-json\/wp\/v2\/pages\/18","targetHints":{"allow":["GET"]}}],"collection":[{"href":"https:\/\/dibalog-travel.info\/index.php\/wp-json\/wp\/v2\/pages"}],"about":[{"href":"https:\/\/dibalog-travel.info\/index.php\/wp-json\/wp\/v2\/types\/page"}],"author":[{"embeddable":true,"href":"https:\/\/dibalog-travel.info\/index.php\/wp-json\/wp\/v2\/users\/1"}],"replies":[{"embeddable":true,"href":"https:\/\/dibalog-travel.info\/index.php\/wp-json\/wp\/v2\/comments?post=18"}],"version-history":[{"count":2,"href":"https:\/\/dibalog-travel.info\/index.php\/wp-json\/wp\/v2\/pages\/18\/revisions"}],"predecessor-version":[{"id":176,"href":"https:\/\/dibalog-travel.info\/index.php\/wp-json\/wp\/v2\/pages\/18\/revisions\/176"}],"wp:attachment":[{"href":"https:\/\/dibalog-travel.info\/index.php\/wp-json\/wp\/v2\/media?parent=18"}],"curies":[{"name":"wp","href":"https:\/\/api.w.org\/{rel}","templated":true}]}}