{"id":181,"date":"2021-08-17T07:58:03","date_gmt":"2021-08-17T07:58:03","guid":{"rendered":"http:\/\/dibalog-travel.info\/?page_id=181"},"modified":"2024-09-20T22:28:18","modified_gmt":"2024-09-20T22:28:18","slug":"entgelte","status":"publish","type":"page","link":"https:\/\/dibalog-travel.info\/index.php\/entgelte\/","title":{"rendered":"Entgelte"},"content":{"rendered":"<p><strong><u>Service- und Beratungsentgeltliste,<\/u><\/strong><\/p>\n<p>&nbsp;<\/p>\n<p>g\u00fcltig f\u00fcr die untenstehenden Leistungen erheben wir nicht erstattbare Service Entgelte. Diese Entgelte sind unsere Serviceentgelte die f\u00fcr die Erbringung der entsprechenden Services anfallen, sie haben nichts mit etwaig anfallenden (oder nicht anfallenden) Kosten von Leistungstr\u00e4gern (Airlines, Hotels, &#8230;&#8230;.) gemein<\/p>\n<p>Die Service Entgelte aus den Punkten 2 \u2013 6 werden mit den Leistungskosten bei Buchung Verrechnet,<\/p>\n<p>Alle Service Entgelte (Punkte 1 bis 7) sind NICHT erstattbar, auch bei Absage von Reisen \/ Bausteinen durch die Leistungstr\u00e4ger<\/p>\n<p>&nbsp;<\/p>\n<p><strong><u>1) Flugleistungen<\/u><\/strong>, Angaben pro Ticket, unabh\u00e4ngig von der Destination \/ Buchungsklasse:<\/p>\n<p>Ausstellung Flugticket: 40 Euro bis 30.09.22 zum 01.10.22 sind \/ waren wir gezwungen auf 50 Euro zu erh\u00f6hen<\/p>\n<p>Umbuchung Flugticket: 40 Euro bis 30.09.22 zum 01.10.22 sind \/ waren wir gezwungen auf 50 Euro zu erh\u00f6hen<\/p>\n<p>Erstattung Flugticket (falls erstattungsf\u00e4hig, ansonsten Erstattung nicht genutzter Geb\u00fchren und Steuern): 50 Euro<\/p>\n<p>Teilerstattung so wie spezielle Erstattungsanfragen (z.B. Downgrade usw.) die erh\u00f6hten Arbeitsaufwand ben\u00f6tigen: 80 Euro<\/p>\n<p>Ausstellung und Ausarbeitung Airpass, Round The World Ticket u. \u00e4.: 80 Euro<\/p>\n<p>Sitzplatzanforderung und Sondergep\u00e4ck so wie \u00dcbergep\u00e4ck und \u00e4hnliches sofern dies seitens der Airline kostenfrei ist, ist dieses auch kostenfrei, sofern ein Dokument seitens der Airline daf\u00fcr ausgestellt werden muss und Kosten seitens der Airline belastet werden (EMD, MCO\u2026) werden die Kosten der Airline plus 15 Euro Dokumentenentgelt erforderlich. Anmeldung von Sonderessen ist kostenfrei. Anmeldung eines Rollstuhls ist kostenfrei.<\/p>\n<p>Der Service der Ticketumschreibung nach Zeiten\u00e4nderungen durch die Airline \/ Erstattung nach Zeiten\u00e4nderungen durch die Airline: 50 Euro<\/p>\n<p>Da uns immer mehr Anfragen erreichen, aber auf die Angebote zu den Anfragen oftmals keine Buchung folgt, behalten wir uns vor f\u00fcr solche Anfragen eine Servicepauschale in Rechnung zu stellen (mindestens 50 Euro, H\u00f6he je nach Aufwand, diese teilen wir Ihnen gerne in vor einer Angebotserstellung mit). Da unsere Beratung zwar sehr oft sehr willkommen ist und gern genutzt wird, die Buchung(en) dann aber \u00fcber andere Anbieter gemacht werden um unser Serviceentgelt zu umgehen, sind wir leider zu diesem Schritt gezwungen. Diese Servicepauschale ist von einer Buchung unabh\u00e4ngig. Gleiches gilt f\u00fcr die \u00dcberpr\u00fcfung und Validierung der Buchbarkeit und Preisangaben aus Flugverbindungen die in einer der vielen verschiedenen Metasuchmaschinen gefunden werden.<\/p>\n<p><strong><u>2) Mietautos:<\/u><\/strong><\/p>\n<p>pro Anmietung 50 Euro<\/p>\n<p>&nbsp;<\/p>\n<p><strong><u>3) Individualtransfer: <\/u><\/strong><\/p>\n<p>pro Transfer, pro Passagier 15 Euro<\/p>\n<p>&nbsp;<\/p>\n<p><strong><u>4) Individualbausteine und Einzelleistungen. <\/u><\/strong>Angaben pro Leistung:<\/p>\n<p>Hotelvermittlung: 50 Euro<\/p>\n<p>Ferienhaus und Appartment Vermittlung: 50 Euro<\/p>\n<p>&nbsp;<\/p>\n<p><strong><u>5) Individualbausteine:<\/u><\/strong><\/p>\n<p>Hotelvermittlung: 50 Euro<\/p>\n<p>Rundreisen mit Mietwagen und Hotels, ggfs. Ausfl\u00fcge:\u00a0 min. 50 Euro abh\u00e4ngig vom Aufwand<\/p>\n<p>&nbsp;<\/p>\n<p><strong><u>6) Pauschalreisen:<\/u><\/strong><\/p>\n<p>Je nach Aufwand, ab 50 Euro pro Vorgang<\/p>\n<p>&nbsp;<\/p>\n<p><strong><u>7) Leistungsstornierungen, Erstattungen<\/u><\/strong><strong>:<\/strong><\/p>\n<p>Soweit noch nicht aufgef\u00fchrt 50 Euro pro Vorgang<\/p>\n<p>&nbsp;<\/p>\n<p>&nbsp;<\/p>\n<p>Wir werden oft nach Leistungen wie der Bearbeitung von Beschwerden und Forderungen im Sinne der EU Fluggastverordnung EU 261\/2004 gefragt. Dieses d\u00fcrfen wir leider nicht, da wir keine Anw\u00e4lte sind und Sie uns nicht mandatieren k\u00f6nnen.<\/p>\n<p>Ebenso werden wir nach Leistungen wie Check In, ESTA f\u00fcr die USA und \u00e4hnlichem, ausf\u00fcllen des Bordmanifest f\u00fcr Kreuzfahrten\u2026\u00a0 gefragt, dies k\u00f6nnen wir leider nicht anbieten, da wir hier im Falle von Systemfehlern, \u00dcbermittlungsfehlern und \u00e4hnlichem, als ausf\u00fchrende Person verantwortlich sein w\u00fcrden. Wir unterst\u00fctzen Sie gerne, aber leztendlich m\u00fcssen diese Digne durch Sie selbst durchgef\u00fchrt werden.<\/p>\n<p>F\u00fcr Buchungen erwarten wir die Vorlage eines Ausweises der reisenden Person(en).<\/p>\n","protected":false},"excerpt":{"rendered":"<p>Service- und Beratungsentgeltliste, &nbsp; g\u00fcltig f\u00fcr die untenstehenden Leistungen erheben wir nicht erstattbare Service Entgelte. Diese Entgelte sind unsere Serviceentgelte die f\u00fcr die Erbringung der entsprechenden Services anfallen, sie haben nichts mit etwaig anfallenden (oder nicht anfallenden) Kosten von Leistungstr\u00e4gern (Airlines, Hotels, &#8230;&#8230;.) gemein Die Service Entgelte aus den Punkten 2 \u2013 6 werden mit&hellip;&nbsp;<a href=\"https:\/\/dibalog-travel.info\/index.php\/entgelte\/\" rel=\"bookmark\">Weiterlesen &raquo;<span class=\"screen-reader-text\">Entgelte<\/span><\/a><\/p>\n","protected":false},"author":1,"featured_media":0,"parent":0,"menu_order":0,"comment_status":"closed","ping_status":"closed","template":"","meta":{"neve_meta_sidebar":"full-width","neve_meta_container":"","neve_meta_enable_content_width":"on","neve_meta_content_width":100,"neve_meta_title_alignment":"","neve_meta_author_avatar":"","neve_post_elements_order":"","neve_meta_disable_header":"","neve_meta_disable_footer":"","neve_meta_disable_title":"on","footnotes":""},"class_list":["post-181","page","type-page","status-publish","hentry"],"_links":{"self":[{"href":"https:\/\/dibalog-travel.info\/index.php\/wp-json\/wp\/v2\/pages\/181","targetHints":{"allow":["GET"]}}],"collection":[{"href":"https:\/\/dibalog-travel.info\/index.php\/wp-json\/wp\/v2\/pages"}],"about":[{"href":"https:\/\/dibalog-travel.info\/index.php\/wp-json\/wp\/v2\/types\/page"}],"author":[{"embeddable":true,"href":"https:\/\/dibalog-travel.info\/index.php\/wp-json\/wp\/v2\/users\/1"}],"replies":[{"embeddable":true,"href":"https:\/\/dibalog-travel.info\/index.php\/wp-json\/wp\/v2\/comments?post=181"}],"version-history":[{"count":19,"href":"https:\/\/dibalog-travel.info\/index.php\/wp-json\/wp\/v2\/pages\/181\/revisions"}],"predecessor-version":[{"id":290,"href":"https:\/\/dibalog-travel.info\/index.php\/wp-json\/wp\/v2\/pages\/181\/revisions\/290"}],"wp:attachment":[{"href":"https:\/\/dibalog-travel.info\/index.php\/wp-json\/wp\/v2\/media?parent=181"}],"curies":[{"name":"wp","href":"https:\/\/api.w.org\/{rel}","templated":true}]}}