{"id":26,"date":"2021-07-18T10:25:27","date_gmt":"2021-07-18T10:25:27","guid":{"rendered":"http:\/\/dibalog-travel.info\/?page_id=26"},"modified":"2021-07-28T08:41:41","modified_gmt":"2021-07-28T08:41:41","slug":"fluege","status":"publish","type":"page","link":"https:\/\/dibalog-travel.info\/index.php\/fluege\/","title":{"rendered":"Fl\u00fcge"},"content":{"rendered":"<p>&nbsp;<\/p>\n<p>&nbsp;<\/p>\n<p>&nbsp;<\/p>\n<p><img loading=\"lazy\" decoding=\"async\" class=\"size-full wp-image-111 aligncenter\" src=\"https:\/\/dibalog-travel.info\/wp-content\/uploads\/2021\/07\/zwe-flug-formation.jpg\" alt=\"\" width=\"1024\" height=\"146\" srcset=\"https:\/\/dibalog-travel.info\/wp-content\/uploads\/2021\/07\/zwe-flug-formation.jpg 1024w, https:\/\/dibalog-travel.info\/wp-content\/uploads\/2021\/07\/zwe-flug-formation-300x43.jpg 300w, https:\/\/dibalog-travel.info\/wp-content\/uploads\/2021\/07\/zwe-flug-formation-768x110.jpg 768w\" sizes=\"auto, (max-width: 1024px) 100vw, 1024px\" \/><\/p>\n<p>&nbsp;<\/p>\n<p>&nbsp;<\/p>\n<p>&nbsp;<\/p>\n<p style=\"text-align: center;\"><strong>Die Planung Ihrer Flugw\u00fcnsche \u2013 bei uns in guten H\u00e4nden!<\/strong><\/p>\n<p>Ob Business, Economy oder First Class Flug, wir planen zusammen mit Ihnen und nach Ihren W\u00fcnschen. Kombinationen mit Abfl\u00fcgen im Ausland, Flexibilit\u00e4t (z.B. Abflug Montag statt Dienstag), Veranstaltertarife in Kombination mit einer Landleistung (z.B. Mietwagen), speziell durch unsere Partner ausgehandelte Tarife, Gabelfl\u00fcge und mehr. Wir bieten Ihnen beste M\u00f6glichkeiten, Ihre Wunschdestination entsprechend Ihren Pr\u00e4ferenzen zu erreichen.<\/p>\n","protected":false},"excerpt":{"rendered":"<p>&nbsp; &nbsp; &nbsp; &nbsp; &nbsp; &nbsp; Die Planung Ihrer Flugw\u00fcnsche \u2013 bei uns in guten H\u00e4nden! Ob Business, Economy oder First Class Flug, wir planen zusammen mit Ihnen und nach Ihren W\u00fcnschen. Kombinationen mit Abfl\u00fcgen im Ausland, Flexibilit\u00e4t (z.B. Abflug Montag statt Dienstag), Veranstaltertarife in Kombination mit einer Landleistung (z.B. Mietwagen), speziell durch unsere Partner&hellip;&nbsp;<a href=\"https:\/\/dibalog-travel.info\/index.php\/fluege\/\" rel=\"bookmark\">Weiterlesen &raquo;<span class=\"screen-reader-text\">Fl\u00fcge<\/span><\/a><\/p>\n","protected":false},"author":1,"featured_media":0,"parent":0,"menu_order":0,"comment_status":"closed","ping_status":"closed","template":"","meta":{"neve_meta_sidebar":"full-width","neve_meta_container":"","neve_meta_enable_content_width":"on","neve_meta_content_width":100,"neve_meta_title_alignment":"","neve_meta_author_avatar":"","neve_post_elements_order":"","neve_meta_disable_header":"","neve_meta_disable_footer":"","neve_meta_disable_title":"on","footnotes":""},"class_list":["post-26","page","type-page","status-publish","hentry"],"_links":{"self":[{"href":"https:\/\/dibalog-travel.info\/index.php\/wp-json\/wp\/v2\/pages\/26","targetHints":{"allow":["GET"]}}],"collection":[{"href":"https:\/\/dibalog-travel.info\/index.php\/wp-json\/wp\/v2\/pages"}],"about":[{"href":"https:\/\/dibalog-travel.info\/index.php\/wp-json\/wp\/v2\/types\/page"}],"author":[{"embeddable":true,"href":"https:\/\/dibalog-travel.info\/index.php\/wp-json\/wp\/v2\/users\/1"}],"replies":[{"embeddable":true,"href":"https:\/\/dibalog-travel.info\/index.php\/wp-json\/wp\/v2\/comments?post=26"}],"version-history":[{"count":3,"href":"https:\/\/dibalog-travel.info\/index.php\/wp-json\/wp\/v2\/pages\/26\/revisions"}],"predecessor-version":[{"id":171,"href":"https:\/\/dibalog-travel.info\/index.php\/wp-json\/wp\/v2\/pages\/26\/revisions\/171"}],"wp:attachment":[{"href":"https:\/\/dibalog-travel.info\/index.php\/wp-json\/wp\/v2\/media?parent=26"}],"curies":[{"name":"wp","href":"https:\/\/api.w.org\/{rel}","templated":true}]}}