{"id":28,"date":"2021-07-18T10:26:26","date_gmt":"2021-07-18T10:26:26","guid":{"rendered":"http:\/\/dibalog-travel.info\/?page_id=28"},"modified":"2021-07-28T08:44:49","modified_gmt":"2021-07-28T08:44:49","slug":"hotelbausteine","status":"publish","type":"page","link":"https:\/\/dibalog-travel.info\/index.php\/hotelbausteine\/","title":{"rendered":"Hotelbausteine"},"content":{"rendered":"<p>&nbsp;<\/p>\n<p>&nbsp;<\/p>\n<p>&nbsp;<\/p>\n<p><img loading=\"lazy\" decoding=\"async\" class=\"size-full wp-image-79 aligncenter\" src=\"https:\/\/dibalog-travel.info\/wp-content\/uploads\/2021\/07\/Hotel-Inside-Modern.jpg\" alt=\"\" width=\"1024\" height=\"146\" srcset=\"https:\/\/dibalog-travel.info\/wp-content\/uploads\/2021\/07\/Hotel-Inside-Modern.jpg 1024w, https:\/\/dibalog-travel.info\/wp-content\/uploads\/2021\/07\/Hotel-Inside-Modern-300x43.jpg 300w, https:\/\/dibalog-travel.info\/wp-content\/uploads\/2021\/07\/Hotel-Inside-Modern-768x110.jpg 768w\" sizes=\"auto, (max-width: 1024px) 100vw, 1024px\" \/><\/p>\n<p>&nbsp;<\/p>\n<p>&nbsp;<\/p>\n<p>&nbsp;<\/p>\n<p style=\"text-align: center;\"><strong>Ihr erholsamer Schlaf ist uns wichtig! <\/strong><\/p>\n<p>Unterk\u00fcnfte nach Ihren W\u00fcnschen und Ihrem Budget, mit unserem Know-how.<\/p>\n<p>Es ist unser Wunsch zusammen mit Ihnen, f\u00fcr Sie die bestm\u00f6glichen Unterk\u00fcnfte innerhalb Ihres pers\u00f6nlichen Rahmens zu finden \u2013 damit Sie Ihren Aufenthalt in vollen Z\u00fcgen genie\u00dfen k\u00f6nnen.<\/p>\n<p>&nbsp;<\/p>\n","protected":false},"excerpt":{"rendered":"<p>&nbsp; &nbsp; &nbsp; &nbsp; &nbsp; &nbsp; Ihr erholsamer Schlaf ist uns wichtig! Unterk\u00fcnfte nach Ihren W\u00fcnschen und Ihrem Budget, mit unserem Know-how. Es ist unser Wunsch zusammen mit Ihnen, f\u00fcr Sie die bestm\u00f6glichen Unterk\u00fcnfte innerhalb Ihres pers\u00f6nlichen Rahmens zu finden \u2013 damit Sie Ihren Aufenthalt in vollen Z\u00fcgen genie\u00dfen k\u00f6nnen. &nbsp;<\/p>\n","protected":false},"author":1,"featured_media":0,"parent":0,"menu_order":0,"comment_status":"closed","ping_status":"closed","template":"","meta":{"neve_meta_sidebar":"full-width","neve_meta_container":"","neve_meta_enable_content_width":"on","neve_meta_content_width":100,"neve_meta_title_alignment":"","neve_meta_author_avatar":"","neve_post_elements_order":"","neve_meta_disable_header":"","neve_meta_disable_footer":"","neve_meta_disable_title":"on","footnotes":""},"class_list":["post-28","page","type-page","status-publish","hentry"],"_links":{"self":[{"href":"https:\/\/dibalog-travel.info\/index.php\/wp-json\/wp\/v2\/pages\/28","targetHints":{"allow":["GET"]}}],"collection":[{"href":"https:\/\/dibalog-travel.info\/index.php\/wp-json\/wp\/v2\/pages"}],"about":[{"href":"https:\/\/dibalog-travel.info\/index.php\/wp-json\/wp\/v2\/types\/page"}],"author":[{"embeddable":true,"href":"https:\/\/dibalog-travel.info\/index.php\/wp-json\/wp\/v2\/users\/1"}],"replies":[{"embeddable":true,"href":"https:\/\/dibalog-travel.info\/index.php\/wp-json\/wp\/v2\/comments?post=28"}],"version-history":[{"count":2,"href":"https:\/\/dibalog-travel.info\/index.php\/wp-json\/wp\/v2\/pages\/28\/revisions"}],"predecessor-version":[{"id":173,"href":"https:\/\/dibalog-travel.info\/index.php\/wp-json\/wp\/v2\/pages\/28\/revisions\/173"}],"wp:attachment":[{"href":"https:\/\/dibalog-travel.info\/index.php\/wp-json\/wp\/v2\/media?parent=28"}],"curies":[{"name":"wp","href":"https:\/\/api.w.org\/{rel}","templated":true}]}}