{"id":30,"date":"2021-07-18T10:28:22","date_gmt":"2021-07-18T10:28:22","guid":{"rendered":"http:\/\/dibalog-travel.info\/?page_id=30"},"modified":"2024-02-12T09:36:32","modified_gmt":"2024-02-12T09:36:32","slug":"ueber-uns","status":"publish","type":"page","link":"https:\/\/dibalog-travel.info\/index.php\/ueber-uns\/","title":{"rendered":"\u00dcber Dibalog Travel"},"content":{"rendered":"<p>&nbsp;<\/p>\n<p>&nbsp;<\/p>\n<p><img loading=\"lazy\" decoding=\"async\" class=\"size-medium wp-image-133 aligncenter\" src=\"https:\/\/dibalog-travel.info\/wp-content\/uploads\/2021\/07\/Profile-197x300.png\" alt=\"\" width=\"197\" height=\"300\" srcset=\"https:\/\/dibalog-travel.info\/wp-content\/uploads\/2021\/07\/Profile-197x300.png 197w, https:\/\/dibalog-travel.info\/wp-content\/uploads\/2021\/07\/Profile.png 252w\" sizes=\"auto, (max-width: 197px) 100vw, 197px\" \/><\/p>\n<p>&nbsp;<\/p>\n<p>&nbsp;<\/p>\n<p>Dibalog Travel ist auf Flugtickets, Mietautos und hochwertige Reisen spezialisiert. Durch unsere langj\u00e4hrige Erfahrung (ehemals Angestellter von Lufthansa, Miles and More, Gesch\u00e4ftsreiseb\u00fcro und Spezialist f\u00fcr hochwertige Reiseerlebnisse)\u00a0 \u00a0liegen die besonderen St\u00e4rken sowohl in der Gesch\u00e4ftsreiseplanung als auch der Realisierung von anspruchsvollen Flugw\u00fcnschen und der effizienten Nutzung von Vielfliegerprogrammen sowie von hochwertigen Reisen.<\/p>\n<p>Unabh\u00e4ngig davon ob es sich um eine Gesch\u00e4ftsreise oder Urlaub handelt \u2013 Dibalog Travel kombiniert f\u00fcr Sie langj\u00e4hrige Erfahrung mit Engagement:<\/p>\n<ul>\n<li>Bei Flugtickets greifen wir auf Veranstalter- und Spezialtarife aus dem In- und Ausland sowie Partnertarife zu. Wir realisieren auch besondere W\u00fcnsche wie etwa eine Kombination von Airlines oder mehrere Tickets in einer Buchung. Durch ein kreatives Ticketing k\u00f6nnen wir Flugreisen zusammenstellen, die in einer solchen Form online nicht darstellbar sind. Vielfach k\u00f6nnen so in allen Reiseklassen Einsparungen erzielt werden.<\/li>\n<li>Reisebausteine aus dem Angebotsspektrum von Hotels, Mietwagen, Ausfl\u00fcgen und \u00e4hnlichem kombinieren wir zu ausgesuchten Reisen. Gerne buchen wir f\u00fcr Sie auch Cluburlaub, Spezial- (z.B. Golf- oder Wellnessreisen) und mehr.<\/li>\n<li>F\u00fcr Ihre gesch\u00e4ftlichen Reisen organisieren wir neben dem passenden Flugticket auch gew\u00fcnschte Landleistungen wie Hotels und Mietwagen. Durch Firmenf\u00f6rderprogramme einzelner Leistungstr\u00e4ger identifizieren wir Einsparpotentiale. Gern unterst\u00fctzen wir Sie bei der Implementierung von Reiserichtlinien.<\/li>\n<li>Aufgrund intensiver Kenntnisse im Bereich der Vielfliegerprogramme k\u00f6nnen Flugtickets meilenoptimiert gebucht werden.<\/li>\n<\/ul>\n<p>F\u00fcr zeitkritische Ticketausstellungen und bei Unregelm\u00e4\u00dfigkeiten w\u00e4hrend des Reiseablaufs (z.B. Flugausf\u00e4lle oder Versp\u00e4tungen) sind wir auch au\u00dferhalb der B\u00fcrozeiten per E-Mail und Mobiltelefon erreichbar und sorgen durch pers\u00f6nliches Engagement f\u00fcr einen m\u00f6glichst reibungslosen Ablauf.<\/p>\n<p>&nbsp;<\/p>\n<h1><\/h1>\n","protected":false},"excerpt":{"rendered":"<p>&nbsp; &nbsp; &nbsp; &nbsp; Dibalog Travel ist auf Flugtickets, Mietautos und hochwertige Reisen spezialisiert. Durch unsere langj\u00e4hrige Erfahrung (ehemals Angestellter von Lufthansa, Miles and More, Gesch\u00e4ftsreiseb\u00fcro und Spezialist f\u00fcr hochwertige Reiseerlebnisse)\u00a0 \u00a0liegen die besonderen St\u00e4rken sowohl in der Gesch\u00e4ftsreiseplanung als auch der Realisierung von anspruchsvollen Flugw\u00fcnschen und der effizienten Nutzung von Vielfliegerprogrammen sowie von hochwertigen&hellip;&nbsp;<a href=\"https:\/\/dibalog-travel.info\/index.php\/ueber-uns\/\" rel=\"bookmark\">Weiterlesen &raquo;<span class=\"screen-reader-text\">\u00dcber Dibalog Travel<\/span><\/a><\/p>\n","protected":false},"author":1,"featured_media":0,"parent":0,"menu_order":0,"comment_status":"closed","ping_status":"closed","template":"","meta":{"neve_meta_sidebar":"full-width","neve_meta_container":"","neve_meta_enable_content_width":"on","neve_meta_content_width":100,"neve_meta_title_alignment":"","neve_meta_author_avatar":"","neve_post_elements_order":"","neve_meta_disable_header":"","neve_meta_disable_footer":"","neve_meta_disable_title":"on","footnotes":""},"class_list":["post-30","page","type-page","status-publish","hentry"],"_links":{"self":[{"href":"https:\/\/dibalog-travel.info\/index.php\/wp-json\/wp\/v2\/pages\/30","targetHints":{"allow":["GET"]}}],"collection":[{"href":"https:\/\/dibalog-travel.info\/index.php\/wp-json\/wp\/v2\/pages"}],"about":[{"href":"https:\/\/dibalog-travel.info\/index.php\/wp-json\/wp\/v2\/types\/page"}],"author":[{"embeddable":true,"href":"https:\/\/dibalog-travel.info\/index.php\/wp-json\/wp\/v2\/users\/1"}],"replies":[{"embeddable":true,"href":"https:\/\/dibalog-travel.info\/index.php\/wp-json\/wp\/v2\/comments?post=30"}],"version-history":[{"count":7,"href":"https:\/\/dibalog-travel.info\/index.php\/wp-json\/wp\/v2\/pages\/30\/revisions"}],"predecessor-version":[{"id":287,"href":"https:\/\/dibalog-travel.info\/index.php\/wp-json\/wp\/v2\/pages\/30\/revisions\/287"}],"wp:attachment":[{"href":"https:\/\/dibalog-travel.info\/index.php\/wp-json\/wp\/v2\/media?parent=30"}],"curies":[{"name":"wp","href":"https:\/\/api.w.org\/{rel}","templated":true}]}}