{"id":322,"date":"2025-06-08T17:50:52","date_gmt":"2025-06-08T17:50:52","guid":{"rendered":"https:\/\/dibalog-travel.info\/?page_id=322"},"modified":"2025-06-08T17:50:52","modified_gmt":"2025-06-08T17:50:52","slug":"prompt-fuer-box","status":"publish","type":"page","link":"https:\/\/dibalog-travel.info\/index.php\/prompt-fuer-box\/","title":{"rendered":"Prompt f\u00fcr Box :)"},"content":{"rendered":"<p data-start=\"70\" data-end=\"314\"><strong data-start=\"70\" data-end=\"314\">Je cherche un nouveau m\u00e9tier qui me corresponde mieux \u2013 pourquoi pas quelque chose d\u2019inhabituel ou d\u2019ind\u00e9pendant. Merci d\u2019agir en tant que conseiller d\u2019orientation professionnelle, coach en cr\u00e9ation d\u2019entreprise et source d\u2019id\u00e9es cr\u00e9atives.<\/strong><\/p>\n<p data-start=\"316\" data-end=\"1046\">Voici mes informations :<br data-start=\"340\" data-end=\"343\" \/>\u2022 <strong data-start=\"345\" data-end=\"373\">Parcours professionnel :<\/strong> [Qu\u2019ai-je fait jusqu\u2019\u00e0 pr\u00e9sent, qu\u2019est-ce que j\u2019ai aim\u00e9 ou pas aim\u00e9 ?]<br data-start=\"444\" data-end=\"447\" \/>\u2022 <strong data-start=\"449\" data-end=\"481\">Comp\u00e9tences &amp; points forts :<\/strong> [Qu\u2019est-ce que je sais bien faire, que disent les autres de moi ?]<br data-start=\"548\" data-end=\"551\" \/>\u2022 <strong data-start=\"553\" data-end=\"587\">Centres d\u2019int\u00e9r\u00eat &amp; passions :<\/strong> [Qu\u2019est-ce qui me passionne, \u00e0 quoi puis-je consacrer des heures sans voir le temps passer ?]<br data-start=\"681\" data-end=\"684\" \/>\u2022 <strong data-start=\"686\" data-end=\"710\">Valeurs &amp; souhaits :<\/strong> [Qu\u2019est-ce qui est important pour moi dans un m\u00e9tier \u2013 par exemple libert\u00e9, sens, argent, cr\u00e9ativit\u00e9, s\u00e9curit\u00e9, travail en \u00e9quipe ?]<br data-start=\"843\" data-end=\"846\" \/>\u2022 <strong data-start=\"848\" data-end=\"875\">Ce que je ne veux pas :<\/strong> [Qu\u2019est-ce qui est totalement exclu pour moi ?]<br data-start=\"923\" data-end=\"926\" \/>\u2022 <strong data-start=\"928\" data-end=\"955\">Situation personnelle :<\/strong> [\u00c2ge, r\u00e9gion approximative, \u00e9ventuelles contraintes ou conditions \u00e0 prendre en compte ?]<\/p>\n<p data-start=\"1048\" data-end=\"1379\"><strong data-start=\"1048\" data-end=\"1379\">Merci de me proposer des m\u00e9tiers ou secteurs professionnels adapt\u00e9s \u00e0 mon profil, et de me sugg\u00e9rer aussi une id\u00e9e originale ou inhabituelle qui pourrait me correspondre \u2013 y compris les premi\u00e8res \u00e9tapes ou pistes de formation si n\u00e9cessaire. Si tu as besoin d&#8217;informations suppl\u00e9mentaires, n\u2019h\u00e9site pas \u00e0 me poser des questions.<\/strong><\/p>\n","protected":false},"excerpt":{"rendered":"<p>Je cherche un nouveau m\u00e9tier qui me corresponde mieux \u2013 pourquoi pas quelque chose d\u2019inhabituel ou d\u2019ind\u00e9pendant. Merci d\u2019agir en tant que conseiller d\u2019orientation professionnelle, coach en cr\u00e9ation d\u2019entreprise et source d\u2019id\u00e9es cr\u00e9atives. Voici mes informations :\u2022 Parcours professionnel : [Qu\u2019ai-je fait jusqu\u2019\u00e0 pr\u00e9sent, qu\u2019est-ce que j\u2019ai aim\u00e9 ou pas aim\u00e9 ?]\u2022 Comp\u00e9tences &amp; points&hellip;&nbsp;<a href=\"https:\/\/dibalog-travel.info\/index.php\/prompt-fuer-box\/\" rel=\"bookmark\">Weiterlesen &raquo;<span class=\"screen-reader-text\">Prompt f\u00fcr Box \ud83d\ude42<\/span><\/a><\/p>\n","protected":false},"author":1,"featured_media":0,"parent":0,"menu_order":0,"comment_status":"closed","ping_status":"closed","template":"","meta":{"neve_meta_sidebar":"","neve_meta_container":"","neve_meta_enable_content_width":"off","neve_meta_content_width":100,"neve_meta_title_alignment":"","neve_meta_author_avatar":"","neve_post_elements_order":"","neve_meta_disable_header":"","neve_meta_disable_footer":"","neve_meta_disable_title":"","footnotes":""},"class_list":["post-322","page","type-page","status-publish","hentry"],"_links":{"self":[{"href":"https:\/\/dibalog-travel.info\/index.php\/wp-json\/wp\/v2\/pages\/322","targetHints":{"allow":["GET"]}}],"collection":[{"href":"https:\/\/dibalog-travel.info\/index.php\/wp-json\/wp\/v2\/pages"}],"about":[{"href":"https:\/\/dibalog-travel.info\/index.php\/wp-json\/wp\/v2\/types\/page"}],"author":[{"embeddable":true,"href":"https:\/\/dibalog-travel.info\/index.php\/wp-json\/wp\/v2\/users\/1"}],"replies":[{"embeddable":true,"href":"https:\/\/dibalog-travel.info\/index.php\/wp-json\/wp\/v2\/comments?post=322"}],"version-history":[{"count":1,"href":"https:\/\/dibalog-travel.info\/index.php\/wp-json\/wp\/v2\/pages\/322\/revisions"}],"predecessor-version":[{"id":323,"href":"https:\/\/dibalog-travel.info\/index.php\/wp-json\/wp\/v2\/pages\/322\/revisions\/323"}],"wp:attachment":[{"href":"https:\/\/dibalog-travel.info\/index.php\/wp-json\/wp\/v2\/media?parent=322"}],"curies":[{"name":"wp","href":"https:\/\/api.w.org\/{rel}","templated":true}]}}