{"id":34,"date":"2021-07-18T10:37:01","date_gmt":"2021-07-18T10:37:01","guid":{"rendered":"http:\/\/dibalog-travel.info\/?page_id=34"},"modified":"2023-08-03T11:55:02","modified_gmt":"2023-08-03T11:55:02","slug":"round-the-world-und-airpaesse","status":"publish","type":"page","link":"https:\/\/dibalog-travel.info\/index.php\/round-the-world-und-airpaesse\/","title":{"rendered":"Round The World und Airp\u00e4sse"},"content":{"rendered":"<p>&nbsp;<\/p>\n<p>&nbsp;<\/p>\n<p>&nbsp;<\/p>\n<p><img loading=\"lazy\" decoding=\"async\" class=\"size-full wp-image-91 aligncenter\" src=\"https:\/\/dibalog-travel.info\/wp-content\/uploads\/2021\/07\/NZ-Cabin-BW-mit-Fluegel.jpg\" alt=\"\" width=\"1024\" height=\"146\" srcset=\"https:\/\/dibalog-travel.info\/wp-content\/uploads\/2021\/07\/NZ-Cabin-BW-mit-Fluegel.jpg 1024w, https:\/\/dibalog-travel.info\/wp-content\/uploads\/2021\/07\/NZ-Cabin-BW-mit-Fluegel-300x43.jpg 300w, https:\/\/dibalog-travel.info\/wp-content\/uploads\/2021\/07\/NZ-Cabin-BW-mit-Fluegel-768x110.jpg 768w\" sizes=\"auto, (max-width: 1024px) 100vw, 1024px\" \/><\/p>\n<p>&nbsp;<\/p>\n<p>&nbsp;<\/p>\n<p>&nbsp;<\/p>\n<p>Round the World (RTW) Tickets werden haupts\u00e4chlich von den drei gro\u00dfen Airline-Allianzen (SkyTeam, oneworld und Star Alliance) angeboten. Innerhalb der Allianzen kann man v\u00f6llig frei nach eigenen W\u00fcnschen (innerhalb der Regelungen) aus allen teilnehmenden Airlines eine Auswahl treffen. Neben den drei Gro\u00dfen Allianzen gibt es noch einige einzelne Airlines (z.B. Air New Zealand oder eine BA\/Qantas Kombi) oder kleinere Zusammenschl\u00fcsse (z.B. Singapore Airlines mit Virgin Atlantic und Air New Zealand \u2013 Abflug Ex London\/Manchester), so wie Airp\u00e4sse die mehrere Fl\u00fcge innerhalb einer Region abdecken<\/p>\n<p>Durch den\/die Anbieter eines RTW Tickets und Airp\u00e4sssen wird ein Streckennetz vorgegeben, auf welchem die Wunschdestinatonen ausgew\u00e4hlt werden k\u00f6nnen. Je nach Ticket unterscheiden sich dabei die zu erf\u00fcllenden Bedingungen. Prinzipiell gilt hierbei je mehr Fluggesellschaften innerhalb des Wunschtickets erlaubt sind, desto gr\u00f6\u00dfer ist das verf\u00fcgbare Streckennetz und desto mehr Gestaltungsm\u00f6glichkeiten der Reiseroute hat man. F\u00fcr alle RTW Tickets gilt, dass sowohl der Atlantik als auch der Pazifik \u00fcberquert werden m\u00fcssen, und die gebuchte Route muss im selben Land enden wie diese begonnen hat. Bei fast allen RTW Tickets sind die Stops innerhalb einer globalen Flugrichtung zu absolvieren, dabei ist es egal ob man von Ost nach West oder von West nach Ost fliegt. Im Normalfall hat auch jeder RTW und auch Airpass eine minimale und maximale Anzahl der erforderlichen \/ erlaubten Stops innerhalb eines des Tickets. Ebenso ist die maximale Anzahl der Flugcoupons innerhalb eines Tickets begrenzt, so wie die maximale G\u00fcltigkeit eines Tickets.<\/p>\n<p>Je nachdem ob der Wunschtarif ein meilenbasierter Tarif ist (normal erlaubt sind hier im Regelfall eine vorgegeben Anzahl an Distanzmeilen, je nach Allianz\/Airline) oder ein zonenbasierter\u00a0 oder auch couponbasierter Tarif berechnet sich der Basistarif f\u00fcr den Airpass oder RTW. Hinzu kommen dann noch die der individuellen Route entsprechenden Steuern und Geb\u00fchren, so wie ein Serviceentgelt des Reiseb\u00fcros.<\/p>\n<p>Ihren individuellen \u201eRTW bzw. Airpass Wunsch\u201c arbeiten wir gerne aus, hierzu schicken Sie bitte eine Email mit dem (den) vollst\u00e4ndigen Passagiernamen wie im Ausweis hinterlegt, sowie Ihren W\u00fcnschen und Vorstellungen hinsichtlich Route und Aufenthalt, sowie einer Telefonnummer an info@dibalog-travel.de<br \/>\nWenn das Ticket \u00fcber uns gebucht wird, fallen f\u00fcr die individuelle Beratung und Ausarbeitung keine separaten Geb\u00fchren an diese sind im Ticketserviceentgelt enthalten. Da eine Ausarbeitung\/Beratung zu einem\u00a0 Airpass oder RTW-Ticket sehr zeit- und arbeitsintensiv ist, bitten wir um Verst\u00e4ndnis, dass wir im Falle der Nichtbuchung des Tickets \u00fcber uns, ein Beratungsentgelt in H\u00f6he von 80\u20ac pro Person und Anfrage in Rechnung stellen m\u00fcssen.<\/p>\n","protected":false},"excerpt":{"rendered":"<p>&nbsp; &nbsp; &nbsp; &nbsp; &nbsp; &nbsp; Round the World (RTW) Tickets werden haupts\u00e4chlich von den drei gro\u00dfen Airline-Allianzen (SkyTeam, oneworld und Star Alliance) angeboten. Innerhalb der Allianzen kann man v\u00f6llig frei nach eigenen W\u00fcnschen (innerhalb der Regelungen) aus allen teilnehmenden Airlines eine Auswahl treffen. Neben den drei Gro\u00dfen Allianzen gibt es noch einige einzelne Airlines&hellip;&nbsp;<a href=\"https:\/\/dibalog-travel.info\/index.php\/round-the-world-und-airpaesse\/\" rel=\"bookmark\">Weiterlesen &raquo;<span class=\"screen-reader-text\">Round The World und Airp\u00e4sse<\/span><\/a><\/p>\n","protected":false},"author":1,"featured_media":0,"parent":0,"menu_order":0,"comment_status":"closed","ping_status":"closed","template":"","meta":{"neve_meta_sidebar":"full-width","neve_meta_container":"","neve_meta_enable_content_width":"on","neve_meta_content_width":100,"neve_meta_title_alignment":"","neve_meta_author_avatar":"","neve_post_elements_order":"","neve_meta_disable_header":"","neve_meta_disable_footer":"","neve_meta_disable_title":"on","footnotes":""},"class_list":["post-34","page","type-page","status-publish","hentry"],"_links":{"self":[{"href":"https:\/\/dibalog-travel.info\/index.php\/wp-json\/wp\/v2\/pages\/34","targetHints":{"allow":["GET"]}}],"collection":[{"href":"https:\/\/dibalog-travel.info\/index.php\/wp-json\/wp\/v2\/pages"}],"about":[{"href":"https:\/\/dibalog-travel.info\/index.php\/wp-json\/wp\/v2\/types\/page"}],"author":[{"embeddable":true,"href":"https:\/\/dibalog-travel.info\/index.php\/wp-json\/wp\/v2\/users\/1"}],"replies":[{"embeddable":true,"href":"https:\/\/dibalog-travel.info\/index.php\/wp-json\/wp\/v2\/comments?post=34"}],"version-history":[{"count":3,"href":"https:\/\/dibalog-travel.info\/index.php\/wp-json\/wp\/v2\/pages\/34\/revisions"}],"predecessor-version":[{"id":278,"href":"https:\/\/dibalog-travel.info\/index.php\/wp-json\/wp\/v2\/pages\/34\/revisions\/278"}],"wp:attachment":[{"href":"https:\/\/dibalog-travel.info\/index.php\/wp-json\/wp\/v2\/media?parent=34"}],"curies":[{"name":"wp","href":"https:\/\/api.w.org\/{rel}","templated":true}]}}