{"id":36,"date":"2021-07-18T10:42:48","date_gmt":"2021-07-18T10:42:48","guid":{"rendered":"http:\/\/dibalog-travel.info\/?page_id=36"},"modified":"2026-01-19T14:23:08","modified_gmt":"2026-01-19T14:23:08","slug":"rail-and-fly-bzw-zug-zum-flug","status":"publish","type":"page","link":"https:\/\/dibalog-travel.info\/index.php\/rail-and-fly-bzw-zug-zum-flug\/","title":{"rendered":"Rail and Fly bzw. Zug zum Flug"},"content":{"rendered":"<p>&nbsp;<\/p>\n<p>&nbsp;<\/p>\n<p>&nbsp;<\/p>\n<p><img loading=\"lazy\" decoding=\"async\" class=\"size-full wp-image-98 aligncenter\" src=\"https:\/\/dibalog-travel.info\/wp-content\/uploads\/2021\/07\/Schienen-Bahnhof.jpg\" alt=\"\" width=\"1024\" height=\"146\" srcset=\"https:\/\/dibalog-travel.info\/wp-content\/uploads\/2021\/07\/Schienen-Bahnhof.jpg 1024w, https:\/\/dibalog-travel.info\/wp-content\/uploads\/2021\/07\/Schienen-Bahnhof-300x43.jpg 300w, https:\/\/dibalog-travel.info\/wp-content\/uploads\/2021\/07\/Schienen-Bahnhof-768x110.jpg 768w\" sizes=\"auto, (max-width: 1024px) 100vw, 1024px\" \/><\/p>\n<p>&nbsp;<\/p>\n<p>&nbsp;<\/p>\n<p>&nbsp;<\/p>\n<p style=\"text-align: center;\"><strong>Rail and Fly bzw. Zug zum Flug<\/strong><\/p>\n<p>M\u00f6glich zu jedem internationalen Flugticket ab Deutschland \u2013 Rail and Fly \/ Zug zum Flug vermittelt durch dibalog Travel<\/p>\n<p>Rail &amp; Fly bzw. Zug zum Flug bietet eine g\u00fcnstige und angenehme M\u00f6glichkeit, per Bahn zu ihrem internationalen Flug an- und abzureisen &#8211; deutschlandweit. Ohne Zugbindung zu und von allen Flugh\u00e4fen in Deutschland in Kooperation mit der Deutschen Bahn zu attraktiven Preisen.<\/p>\n<p>Je nach Airline und Tarif kann man die Rail &amp; Fly Option kostenfrei oder mit Aufpreis im Ticket inkludieren (sofern von der Airline angeboten), hierbei bekommen Sie eine Abholnummer f\u00fcr das Ticket am Automaten der Deutschen Bahn von uns, alternativ k\u00f6nnen Sie bequem von zu Hause ab 72 Stunden vor der Zugfahrt unter <a href=\"https:\/\/secure.accesrail.com\/checkin\/\"><span style=\"text-decoration: underline;\">https:\/\/secure.accesrail.com\/checkin\/<\/span><\/a> mit Ihrem Buchungscode und Namen das Bahnticket als PDF herunterladen und ausdrucken. Ob Ihre Wunschairline die M\u00f6glichkeit zur Nutzung dieser Option bietet, und ggfs. die Kosten, bei der von Ihnen gew\u00e4hlten Verbindung\u00a0 teilen wir Ihnen gerne mit. Die Nutzungsbedingungen sind unter <a href=\"http:\/\/www.bahn.de\/p\/view\/service\/flug\/rail_und_fly.shtml\"><span style=\"text-decoration: underline;\">http:\/\/www.bahn.de\/p\/view\/service\/flug\/rail_und_fly.shtml<\/span><\/a> einsehbar.<\/p>\n<p>Sollte in Ihrer Verbindung keine Rail and Fly Option verf\u00fcgbar sein, kann ein Zug zum Flug Ticket \u00fcber uns, welches wir in Zusammenarbeit mit unseren Partnern anbieten, bezogen werden , selbst wenn die gebuchte Airline Rail &amp; Fly nicht unterst\u00fctzt. Auch bei Airlines welche Rail &amp; Fly unterst\u00fctzen lohnt sich ein Kostenvergleich. Die einfache Fahrt gibt es dabei bereits zu 45 Euro in der zweiten Klasse (90 Euro f\u00fcr Hin- und R\u00fcckfahrt) bzw. in der ersten Klasse zu 75 Euro f\u00fcr die einfache Fahrt (150 Euro f\u00fcr Hin- und R\u00fcckfahrt) pro Zug zum Flug Ticket mit dieser Option berechnen wir dabei ein Service Entgelt von 5 Euro. Die Fahrkarten schicken wir Ihnen direkt als PDF. Bei Interesse schicken wir Ihnen die genauen Nutzungsbedingungen gerne zu.<\/p>\n<p>Bitte beachten Sie dass die Rail &amp; Fly bzw. die Zug zum Flug\u00a0 Option\u00a0 wie oben beschrieben auf jeden Fall VOR bzw. BEI\u00a0 Ticketausstellung mitgebucht werden muss<\/p>\n","protected":false},"excerpt":{"rendered":"<p>&nbsp; &nbsp; &nbsp; &nbsp; &nbsp; &nbsp; Rail and Fly bzw. Zug zum Flug M\u00f6glich zu jedem internationalen Flugticket ab Deutschland \u2013 Rail and Fly \/ Zug zum Flug vermittelt durch dibalog Travel Rail &amp; Fly bzw. Zug zum Flug bietet eine g\u00fcnstige und angenehme M\u00f6glichkeit, per Bahn zu ihrem internationalen Flug an- und abzureisen &#8211;&hellip;&nbsp;<a href=\"https:\/\/dibalog-travel.info\/index.php\/rail-and-fly-bzw-zug-zum-flug\/\" rel=\"bookmark\">Weiterlesen &raquo;<span class=\"screen-reader-text\">Rail and Fly bzw. Zug zum Flug<\/span><\/a><\/p>\n","protected":false},"author":1,"featured_media":0,"parent":0,"menu_order":0,"comment_status":"closed","ping_status":"closed","template":"","meta":{"neve_meta_sidebar":"full-width","neve_meta_container":"","neve_meta_enable_content_width":"on","neve_meta_content_width":100,"neve_meta_title_alignment":"","neve_meta_author_avatar":"","neve_post_elements_order":"","neve_meta_disable_header":"","neve_meta_disable_footer":"","neve_meta_disable_title":"on","footnotes":""},"class_list":["post-36","page","type-page","status-publish","hentry"],"_links":{"self":[{"href":"https:\/\/dibalog-travel.info\/index.php\/wp-json\/wp\/v2\/pages\/36","targetHints":{"allow":["GET"]}}],"collection":[{"href":"https:\/\/dibalog-travel.info\/index.php\/wp-json\/wp\/v2\/pages"}],"about":[{"href":"https:\/\/dibalog-travel.info\/index.php\/wp-json\/wp\/v2\/types\/page"}],"author":[{"embeddable":true,"href":"https:\/\/dibalog-travel.info\/index.php\/wp-json\/wp\/v2\/users\/1"}],"replies":[{"embeddable":true,"href":"https:\/\/dibalog-travel.info\/index.php\/wp-json\/wp\/v2\/comments?post=36"}],"version-history":[{"count":10,"href":"https:\/\/dibalog-travel.info\/index.php\/wp-json\/wp\/v2\/pages\/36\/revisions"}],"predecessor-version":[{"id":329,"href":"https:\/\/dibalog-travel.info\/index.php\/wp-json\/wp\/v2\/pages\/36\/revisions\/329"}],"wp:attachment":[{"href":"https:\/\/dibalog-travel.info\/index.php\/wp-json\/wp\/v2\/media?parent=36"}],"curies":[{"name":"wp","href":"https:\/\/api.w.org\/{rel}","templated":true}]}}