{"id":38,"date":"2021-07-18T10:43:30","date_gmt":"2021-07-18T10:43:30","guid":{"rendered":"http:\/\/dibalog-travel.info\/?page_id=38"},"modified":"2021-07-28T08:43:02","modified_gmt":"2021-07-28T08:43:02","slug":"individual-bausteine","status":"publish","type":"page","link":"https:\/\/dibalog-travel.info\/index.php\/individual-bausteine\/","title":{"rendered":"Individual Bausteine"},"content":{"rendered":"<p>&nbsp;<\/p>\n<p>&nbsp;<\/p>\n<p>&nbsp;<\/p>\n<p><img loading=\"lazy\" decoding=\"async\" class=\"size-full wp-image-110 aligncenter\" src=\"https:\/\/dibalog-travel.info\/wp-content\/uploads\/2021\/07\/Wuestenwanderung.jpg\" alt=\"\" width=\"1024\" height=\"146\" srcset=\"https:\/\/dibalog-travel.info\/wp-content\/uploads\/2021\/07\/Wuestenwanderung.jpg 1024w, https:\/\/dibalog-travel.info\/wp-content\/uploads\/2021\/07\/Wuestenwanderung-300x43.jpg 300w, https:\/\/dibalog-travel.info\/wp-content\/uploads\/2021\/07\/Wuestenwanderung-768x110.jpg 768w\" sizes=\"auto, (max-width: 1024px) 100vw, 1024px\" \/><\/p>\n<p>&nbsp;<\/p>\n<p>&nbsp;<\/p>\n<p>&nbsp;<\/p>\n<p style=\"text-align: center;\"><strong>Pers\u00f6nliche Reisen \u2013 so individuell wie Sie selbst<\/strong><\/p>\n<p>Bei Dibalog Travel richten wir uns nach Ihren W\u00fcnschen und machen Ihren Urlaub zu einem Erlebnis \u2013 zu fairen Preisen.<\/p>\n<p>Ob Wellness in Asien, Harley-Touren in den USA, Camperrundreisen in Neuseeland oder St\u00e4dtereisen in die angesagtesten Metropolen, bei uns sind sie richtig.<\/p>\n<p>Dibalog Travel greift auf ein Angebot aus \u00fcber 150 Veranstaltern und Partnern, mit denen wir zusammen arbeiten, zur\u00fcck. Ihre Reise kombinieren wir mit Ihnen zusammen, nach Ihren W\u00fcnschen.<\/p>\n","protected":false},"excerpt":{"rendered":"<p>&nbsp; &nbsp; &nbsp; &nbsp; &nbsp; &nbsp; Pers\u00f6nliche Reisen \u2013 so individuell wie Sie selbst Bei Dibalog Travel richten wir uns nach Ihren W\u00fcnschen und machen Ihren Urlaub zu einem Erlebnis \u2013 zu fairen Preisen. Ob Wellness in Asien, Harley-Touren in den USA, Camperrundreisen in Neuseeland oder St\u00e4dtereisen in die angesagtesten Metropolen, bei uns sind sie&hellip;&nbsp;<a href=\"https:\/\/dibalog-travel.info\/index.php\/individual-bausteine\/\" rel=\"bookmark\">Weiterlesen &raquo;<span class=\"screen-reader-text\">Individual Bausteine<\/span><\/a><\/p>\n","protected":false},"author":1,"featured_media":0,"parent":0,"menu_order":0,"comment_status":"closed","ping_status":"closed","template":"","meta":{"neve_meta_sidebar":"full-width","neve_meta_container":"","neve_meta_enable_content_width":"on","neve_meta_content_width":100,"neve_meta_title_alignment":"","neve_meta_author_avatar":"","neve_post_elements_order":"","neve_meta_disable_header":"","neve_meta_disable_footer":"","neve_meta_disable_title":"on","footnotes":""},"class_list":["post-38","page","type-page","status-publish","hentry"],"_links":{"self":[{"href":"https:\/\/dibalog-travel.info\/index.php\/wp-json\/wp\/v2\/pages\/38","targetHints":{"allow":["GET"]}}],"collection":[{"href":"https:\/\/dibalog-travel.info\/index.php\/wp-json\/wp\/v2\/pages"}],"about":[{"href":"https:\/\/dibalog-travel.info\/index.php\/wp-json\/wp\/v2\/types\/page"}],"author":[{"embeddable":true,"href":"https:\/\/dibalog-travel.info\/index.php\/wp-json\/wp\/v2\/users\/1"}],"replies":[{"embeddable":true,"href":"https:\/\/dibalog-travel.info\/index.php\/wp-json\/wp\/v2\/comments?post=38"}],"version-history":[{"count":3,"href":"https:\/\/dibalog-travel.info\/index.php\/wp-json\/wp\/v2\/pages\/38\/revisions"}],"predecessor-version":[{"id":172,"href":"https:\/\/dibalog-travel.info\/index.php\/wp-json\/wp\/v2\/pages\/38\/revisions\/172"}],"wp:attachment":[{"href":"https:\/\/dibalog-travel.info\/index.php\/wp-json\/wp\/v2\/media?parent=38"}],"curies":[{"name":"wp","href":"https:\/\/api.w.org\/{rel}","templated":true}]}}